{"id":376,"date":"2023-12-13T05:35:38","date_gmt":"2023-12-13T05:35:38","guid":{"rendered":"https:\/\/www.inovexmakine.com.tr\/?page_id=376"},"modified":"2024-01-05T07:41:28","modified_gmt":"2024-01-05T07:41:28","slug":"tasima","status":"publish","type":"page","link":"https:\/\/www.inovexmakine.com.tr\/ru\/tasima\/","title":{"rendered":"\u0422\u0440\u0430\u043d\u0441\u043f\u043e\u0440\u0442"},"content":{"rendered":"<div data-elementor-type=\"wp-page\" data-elementor-id=\"376\" class=\"elementor elementor-376\" data-elementor-post-type=\"page\">\n\t\t\t\t\t\t\t<div class=\"elementor-element elementor-element-236ec75d e-flex e-con-boxed e-con e-parent\" data-id=\"236ec75d\" data-element_type=\"container\" data-settings=\"{&quot;background_background&quot;:&quot;classic&quot;,&quot;shape_divider_bottom&quot;:&quot;triangle&quot;,&quot;content_width&quot;:&quot;boxed&quot;}\" data-core-v316-plus=\"true\">\n\t\t\t\t\t<div class=\"e-con-inner\">\n\t\t\t\t<div class=\"elementor-shape elementor-shape-bottom\" data-negative=\"false\">\n\t\t\t<svg xmlns=\"http:\/\/www.w3.org\/2000\/svg\" viewbox=\"0 0 1000 100\" preserveaspectratio=\"none\">\n\t<path class=\"elementor-shape-fill\" d=\"M500,98.9L0,6.1V0h1000v6.1L500,98.9z\"\/>\n<\/svg>\t\t<\/div>\n\t\t<div class=\"elementor-element elementor-element-6412088c e-flex e-con-boxed e-con e-child\" data-id=\"6412088c\" data-element_type=\"container\" data-settings=\"{&quot;content_width&quot;:&quot;boxed&quot;}\">\n\t\t\t\t\t<div class=\"e-con-inner\">\n\t\t\t\t<div class=\"elementor-element elementor-element-7d36209 animated-slow elementor-invisible elementor-widget elementor-widget-heading\" data-id=\"7d36209\" data-element_type=\"widget\" data-settings=\"{&quot;_animation&quot;:&quot;fadeIn&quot;}\" data-widget_type=\"heading.default\">\n\t\t\t\t<div class=\"elementor-widget-container\">\n\t\t\t<style>\/*! elementor - v3.18.0 - 20-12-2023 *\/\n.elementor-heading-title{padding:0;margin:0;line-height:1}.elementor-widget-heading .elementor-heading-title[class*=elementor-size-]>a{color:inherit;font-size:inherit;line-height:inherit}.elementor-widget-heading .elementor-heading-title.elementor-size-small{font-size:15px}.elementor-widget-heading .elementor-heading-title.elementor-size-medium{font-size:19px}.elementor-widget-heading .elementor-heading-title.elementor-size-large{font-size:29px}.elementor-widget-heading .elementor-heading-title.elementor-size-xl{font-size:39px}.elementor-widget-heading .elementor-heading-title.elementor-size-xxl{font-size:59px}<\/style><h2 class=\"elementor-heading-title elementor-size-default\">INOVEX<\/h2>\t\t<\/div>\n\t\t\t\t<\/div>\n\t\t\t\t<div class=\"elementor-element elementor-element-d5f6cb1 animated-slow elementor-invisible elementor-widget elementor-widget-heading\" data-id=\"d5f6cb1\" data-element_type=\"widget\" data-settings=\"{&quot;_animation&quot;:&quot;fadeIn&quot;,&quot;_animation_delay&quot;:300}\" data-widget_type=\"heading.default\">\n\t\t\t\t<div class=\"elementor-widget-container\">\n\t\t\t<h1 class=\"elementor-heading-title elementor-size-default\">\u0422\u0420\u0410\u041d\u0421\u041f\u041e\u0420\u0422<\/h1>\t\t<\/div>\n\t\t\t\t<\/div>\n\t\t\t\t<div class=\"elementor-element elementor-element-2c8af523 elementor-widget elementor-widget-text-editor\" data-id=\"2c8af523\" data-element_type=\"widget\" data-widget_type=\"text-editor.default\">\n\t\t\t\t<div class=\"elementor-widget-container\">\n\t\t\t<style>\/*! elementor - v3.18.0 - 20-12-2023 *\/\n.elementor-widget-text-editor.elementor-drop-cap-view-stacked .elementor-drop-cap{background-color:#69727d;color:#fff}.elementor-widget-text-editor.elementor-drop-cap-view-framed .elementor-drop-cap{color:#69727d;border:3px solid;background-color:transparent}.elementor-widget-text-editor:not(.elementor-drop-cap-view-default) .elementor-drop-cap{margin-top:8px}.elementor-widget-text-editor:not(.elementor-drop-cap-view-default) .elementor-drop-cap-letter{width:1em;height:1em}.elementor-widget-text-editor .elementor-drop-cap{float:left;text-align:center;line-height:1;font-size:50px}.elementor-widget-text-editor .elementor-drop-cap-letter{display:inline-block}<\/style>\t\t\t\t<p>\u041d\u0430\u0448\u0438 \u0442\u0440\u0430\u043d\u0441\u043f\u043e\u0440\u0442\u043d\u044b\u0435 \u0441\u0438\u0441\u0442\u0435\u043c\u044b \u043f\u0440\u043e\u0438\u0437\u0432\u043e\u0434\u044f\u0442\u0441\u044f \u0441 \u0438\u0441\u043f\u043e\u043b\u044c\u0437\u043e\u0432\u0430\u043d\u0438\u0435\u043c \u043d\u043e\u0432\u0435\u0439\u0448\u0438\u0445 \u0442\u0435\u0445\u043d\u043e\u043b\u043e\u0433\u0438\u0439 \u0441 \u0433\u0430\u0440\u0430\u043d\u0442\u0438\u0435\u0439 \u043c\u0430\u0448\u0438\u043d\u043d\u043e\u0433\u043e \u043e\u0431\u043e\u0440\u0443\u0434\u043e\u0432\u0430\u043d\u0438\u044f Inovex.<\/p>\t\t\t\t\t\t<\/div>\n\t\t\t\t<\/div>\n\t\t\t\t\t<\/div>\n\t\t\t\t<\/div>\n\t\t\t\t\t<\/div>\n\t\t\t\t<\/div>\n\t\t<div class=\"elementor-element elementor-element-4e120ac e-flex e-con-boxed e-con e-parent\" data-id=\"4e120ac\" data-element_type=\"container\" data-settings=\"{&quot;content_width&quot;:&quot;boxed&quot;}\" data-core-v316-plus=\"true\">\n\t\t\t\t\t<div class=\"e-con-inner\">\n\t\t\t\t<div class=\"elementor-element elementor-element-2a23b5b elementor-grid-3 elementor-grid-tablet-2 elementor-grid-mobile-1 elementor-widget elementor-widget-portfolio\" data-id=\"2a23b5b\" data-element_type=\"widget\" data-settings=\"{&quot;item_ratio&quot;:{&quot;unit&quot;:&quot;px&quot;,&quot;size&quot;:&quot;&quot;,&quot;sizes&quot;:[]},&quot;row_gap&quot;:{&quot;unit&quot;:&quot;px&quot;,&quot;size&quot;:15,&quot;sizes&quot;:[]},&quot;columns&quot;:&quot;3&quot;,&quot;columns_tablet&quot;:&quot;2&quot;,&quot;columns_mobile&quot;:&quot;1&quot;,&quot;item_gap&quot;:{&quot;unit&quot;:&quot;px&quot;,&quot;size&quot;:&quot;&quot;,&quot;sizes&quot;:[]}}\" data-widget_type=\"portfolio.default\">\n\t\t\t\t<div class=\"elementor-widget-container\">\n\t\t\t<link rel=\"stylesheet\" href=\"https:\/\/www.inovexmakine.com.tr\/wp-content\/plugins\/elementor-pro\/assets\/css\/widget-posts.min.css\">\t\t<div class=\"elementor-portfolio elementor-grid elementor-posts-container\">\n\t\t\t\t<article class=\"elementor-portfolio-item elementor-post  post-531 urunlerimiz type-urunlerimiz status-publish has-post-thumbnail hentry category-tasima\">\n\t\t\t<a class=\"elementor-post__thumbnail__link\" href=\"https:\/\/www.inovexmakine.com.tr\/ru\/urunlerimiz\/tunel-tip-metal-dedektor\/\">\n\t\t\t\t<div class=\"elementor-portfolio-item__img elementor-post__thumbnail\">\n\t\t\t<img fetchpriority=\"high\" decoding=\"async\" width=\"1080\" height=\"1080\" src=\"https:\/\/www.inovexmakine.com.tr\/wp-content\/uploads\/2023\/12\/inovex-makine-tunel-tip-metal-dedektor-2.jpg\" class=\"attachment-full size-full wp-image-533\" alt=\"\" srcset=\"https:\/\/www.inovexmakine.com.tr\/wp-content\/uploads\/2023\/12\/inovex-makine-tunel-tip-metal-dedektor-2.jpg 1080w, https:\/\/www.inovexmakine.com.tr\/wp-content\/uploads\/2023\/12\/inovex-makine-tunel-tip-metal-dedektor-2-300x300.jpg 300w, https:\/\/www.inovexmakine.com.tr\/wp-content\/uploads\/2023\/12\/inovex-makine-tunel-tip-metal-dedektor-2-1024x1024.jpg 1024w, https:\/\/www.inovexmakine.com.tr\/wp-content\/uploads\/2023\/12\/inovex-makine-tunel-tip-metal-dedektor-2-150x150.jpg 150w, https:\/\/www.inovexmakine.com.tr\/wp-content\/uploads\/2023\/12\/inovex-makine-tunel-tip-metal-dedektor-2-768x768.jpg 768w\" sizes=\"(max-width: 1080px) 100vw, 1080px\" \/>\t\t<\/div>\n\t\t\t\t<div class=\"elementor-portfolio-item__overlay\">\n\t\t\t\t<h3 class=\"elementor-portfolio-item__title\">\n\t\t\u041c\u0435\u0442\u0430\u043b\u043b\u043e\u0438\u0441\u043a\u0430\u0442\u0435\u043b\u044c \u0442\u0443\u043d\u043d\u0435\u043b\u044c\u043d\u043e\u0433\u043e \u0442\u0438\u043f\u0430\t\t<\/h3>\n\t\t\t\t<\/div>\n\t\t\t\t<\/a>\n\t\t<\/article>\n\t\t\t\t<article class=\"elementor-portfolio-item elementor-post  post-523 urunlerimiz type-urunlerimiz status-publish has-post-thumbnail hentry category-tasima\">\n\t\t\t<a class=\"elementor-post__thumbnail__link\" href=\"https:\/\/www.inovexmakine.com.tr\/ru\/urunlerimiz\/z-tipi-ve-duz-tasima-bandi\/\">\n\t\t\t\t<div class=\"elementor-portfolio-item__img elementor-post__thumbnail\">\n\t\t\t<img decoding=\"async\" width=\"1080\" height=\"1080\" src=\"https:\/\/www.inovexmakine.com.tr\/wp-content\/uploads\/2023\/12\/inovex-makine-z-tipi-ve-duz-tasima-bandi-2.jpg\" class=\"attachment-full size-full wp-image-525\" alt=\"\" srcset=\"https:\/\/www.inovexmakine.com.tr\/wp-content\/uploads\/2023\/12\/inovex-makine-z-tipi-ve-duz-tasima-bandi-2.jpg 1080w, https:\/\/www.inovexmakine.com.tr\/wp-content\/uploads\/2023\/12\/inovex-makine-z-tipi-ve-duz-tasima-bandi-2-300x300.jpg 300w, https:\/\/www.inovexmakine.com.tr\/wp-content\/uploads\/2023\/12\/inovex-makine-z-tipi-ve-duz-tasima-bandi-2-1024x1024.jpg 1024w, https:\/\/www.inovexmakine.com.tr\/wp-content\/uploads\/2023\/12\/inovex-makine-z-tipi-ve-duz-tasima-bandi-2-150x150.jpg 150w, https:\/\/www.inovexmakine.com.tr\/wp-content\/uploads\/2023\/12\/inovex-makine-z-tipi-ve-duz-tasima-bandi-2-768x768.jpg 768w\" sizes=\"(max-width: 1080px) 100vw, 1080px\" \/>\t\t<\/div>\n\t\t\t\t<div class=\"elementor-portfolio-item__overlay\">\n\t\t\t\t<h3 class=\"elementor-portfolio-item__title\">\n\t\t\u0422\u0438\u043f Z \u0438 \u043f\u043b\u043e\u0441\u043a\u0430\u044f \u043a\u043e\u043d\u0432\u0435\u0439\u0435\u0440\u043d\u0430\u044f \u043b\u0435\u043d\u0442\u0430\t\t<\/h3>\n\t\t\t\t<\/div>\n\t\t\t\t<\/a>\n\t\t<\/article>\n\t\t\t\t<article class=\"elementor-portfolio-item elementor-post  post-504 urunlerimiz type-urunlerimiz status-publish has-post-thumbnail hentry category-tasima\">\n\t\t\t<a class=\"elementor-post__thumbnail__link\" href=\"https:\/\/www.inovexmakine.com.tr\/ru\/urunlerimiz\/teleskobik-konveyor-yukleme-bandi\/\">\n\t\t\t\t<div class=\"elementor-portfolio-item__img elementor-post__thumbnail\">\n\t\t\t<img decoding=\"async\" width=\"1080\" height=\"1080\" src=\"https:\/\/www.inovexmakine.com.tr\/wp-content\/uploads\/2023\/12\/inovex-makine-teleskobik-konveyor-yukleme-bandi-6.jpg\" class=\"attachment-full size-full wp-image-511\" alt=\"\" srcset=\"https:\/\/www.inovexmakine.com.tr\/wp-content\/uploads\/2023\/12\/inovex-makine-teleskobik-konveyor-yukleme-bandi-6.jpg 1080w, https:\/\/www.inovexmakine.com.tr\/wp-content\/uploads\/2023\/12\/inovex-makine-teleskobik-konveyor-yukleme-bandi-6-300x300.jpg 300w, https:\/\/www.inovexmakine.com.tr\/wp-content\/uploads\/2023\/12\/inovex-makine-teleskobik-konveyor-yukleme-bandi-6-1024x1024.jpg 1024w, https:\/\/www.inovexmakine.com.tr\/wp-content\/uploads\/2023\/12\/inovex-makine-teleskobik-konveyor-yukleme-bandi-6-150x150.jpg 150w, https:\/\/www.inovexmakine.com.tr\/wp-content\/uploads\/2023\/12\/inovex-makine-teleskobik-konveyor-yukleme-bandi-6-768x768.jpg 768w\" sizes=\"(max-width: 1080px) 100vw, 1080px\" \/>\t\t<\/div>\n\t\t\t\t<div class=\"elementor-portfolio-item__overlay\">\n\t\t\t\t<h3 class=\"elementor-portfolio-item__title\">\n\t\t\u0422\u0435\u043b\u0435\u0441\u043a\u043e\u043f\u0438\u0447\u0435\u0441\u043a\u0430\u044f \u043a\u043e\u043d\u0432\u0435\u0439\u0435\u0440\u043d\u0430\u044f \u0437\u0430\u0433\u0440\u0443\u0437\u043e\u0447\u043d\u0430\u044f \u043b\u0435\u043d\u0442\u0430\t\t<\/h3>\n\t\t\t\t<\/div>\n\t\t\t\t<\/a>\n\t\t<\/article>\n\t\t\t\t<\/div>\n\t\t\t\t<\/div>\n\t\t\t\t<\/div>\n\t\t\t\t\t<\/div>\n\t\t\t\t<\/div>\n\t\t\t\t\t\t\t<\/div>","protected":false},"excerpt":{"rendered":"<p>INOVEX TA\u015eIMA Ta\u015f\u0131ma sistemlerimiz Inovex Makine g\u00fcvencesiyle son teknolojiler kullan\u0131larak \u00fcretilmektedir.<\/p>","protected":false},"author":1,"featured_media":0,"parent":0,"menu_order":0,"comment_status":"closed","ping_status":"closed","template":"","meta":{"footnotes":""},"class_list":["post-376","page","type-page","status-publish","hentry"],"acf":[],"_links":{"self":[{"href":"https:\/\/www.inovexmakine.com.tr\/ru\/wp-json\/wp\/v2\/pages\/376","targetHints":{"allow":["GET"]}}],"collection":[{"href":"https:\/\/www.inovexmakine.com.tr\/ru\/wp-json\/wp\/v2\/pages"}],"about":[{"href":"https:\/\/www.inovexmakine.com.tr\/ru\/wp-json\/wp\/v2\/types\/page"}],"author":[{"embeddable":true,"href":"https:\/\/www.inovexmakine.com.tr\/ru\/wp-json\/wp\/v2\/users\/1"}],"replies":[{"embeddable":true,"href":"https:\/\/www.inovexmakine.com.tr\/ru\/wp-json\/wp\/v2\/comments?post=376"}],"version-history":[{"count":11,"href":"https:\/\/www.inovexmakine.com.tr\/ru\/wp-json\/wp\/v2\/pages\/376\/revisions"}],"predecessor-version":[{"id":768,"href":"https:\/\/www.inovexmakine.com.tr\/ru\/wp-json\/wp\/v2\/pages\/376\/revisions\/768"}],"wp:attachment":[{"href":"https:\/\/www.inovexmakine.com.tr\/ru\/wp-json\/wp\/v2\/media?parent=376"}],"curies":[{"name":"wp","href":"https:\/\/api.w.org\/{rel}","templated":true}]}}