{"id":626,"date":"2023-12-29T01:30:27","date_gmt":"2023-12-29T01:30:27","guid":{"rendered":"https:\/\/www.inovexmakine.com.tr\/?page_id=626"},"modified":"2024-01-05T07:40:42","modified_gmt":"2024-01-05T07:40:42","slug":"katalog","status":"publish","type":"page","link":"https:\/\/www.inovexmakine.com.tr\/ru\/katalog\/","title":{"rendered":"\u041a\u0430\u0442\u0430\u043b\u043e\u0433"},"content":{"rendered":"<div data-elementor-type=\"wp-page\" data-elementor-id=\"626\" class=\"elementor elementor-626\" data-elementor-post-type=\"page\">\n\t\t\t\t\t\t\t<div class=\"elementor-element elementor-element-236ec75d e-flex e-con-boxed e-con e-parent\" data-id=\"236ec75d\" data-element_type=\"container\" data-settings=\"{&quot;background_background&quot;:&quot;classic&quot;,&quot;shape_divider_bottom&quot;:&quot;triangle&quot;,&quot;content_width&quot;:&quot;boxed&quot;}\" data-core-v316-plus=\"true\">\n\t\t\t\t\t<div class=\"e-con-inner\">\n\t\t\t\t<div class=\"elementor-shape elementor-shape-bottom\" data-negative=\"false\">\n\t\t\t<svg xmlns=\"http:\/\/www.w3.org\/2000\/svg\" viewbox=\"0 0 1000 100\" preserveaspectratio=\"none\">\n\t<path class=\"elementor-shape-fill\" d=\"M500,98.9L0,6.1V0h1000v6.1L500,98.9z\"\/>\n<\/svg>\t\t<\/div>\n\t\t<div class=\"elementor-element elementor-element-6412088c e-flex e-con-boxed e-con e-child\" data-id=\"6412088c\" data-element_type=\"container\" data-settings=\"{&quot;content_width&quot;:&quot;boxed&quot;}\">\n\t\t\t\t\t<div class=\"e-con-inner\">\n\t\t\t\t<div class=\"elementor-element elementor-element-7d36209 animated-slow elementor-invisible elementor-widget elementor-widget-heading\" data-id=\"7d36209\" data-element_type=\"widget\" data-settings=\"{&quot;_animation&quot;:&quot;fadeIn&quot;}\" data-widget_type=\"heading.default\">\n\t\t\t\t<div class=\"elementor-widget-container\">\n\t\t\t<style>\/*! elementor - v3.18.0 - 20-12-2023 *\/\n.elementor-heading-title{padding:0;margin:0;line-height:1}.elementor-widget-heading .elementor-heading-title[class*=elementor-size-]>a{color:inherit;font-size:inherit;line-height:inherit}.elementor-widget-heading .elementor-heading-title.elementor-size-small{font-size:15px}.elementor-widget-heading .elementor-heading-title.elementor-size-medium{font-size:19px}.elementor-widget-heading .elementor-heading-title.elementor-size-large{font-size:29px}.elementor-widget-heading .elementor-heading-title.elementor-size-xl{font-size:39px}.elementor-widget-heading .elementor-heading-title.elementor-size-xxl{font-size:59px}<\/style><h2 class=\"elementor-heading-title elementor-size-default\">INOVEX<\/h2>\t\t<\/div>\n\t\t\t\t<\/div>\n\t\t\t\t<div class=\"elementor-element elementor-element-d5f6cb1 animated-slow elementor-invisible elementor-widget elementor-widget-heading\" data-id=\"d5f6cb1\" data-element_type=\"widget\" data-settings=\"{&quot;_animation&quot;:&quot;fadeIn&quot;,&quot;_animation_delay&quot;:300}\" data-widget_type=\"heading.default\">\n\t\t\t\t<div class=\"elementor-widget-container\">\n\t\t\t<h1 class=\"elementor-heading-title elementor-size-default\">\u041a\u0410\u0422\u0410\u041b\u041e\u0413<\/h1>\t\t<\/div>\n\t\t\t\t<\/div>\n\t\t\t\t<div class=\"elementor-element elementor-element-2c8af523 elementor-widget elementor-widget-text-editor\" data-id=\"2c8af523\" data-element_type=\"widget\" data-widget_type=\"text-editor.default\">\n\t\t\t\t<div class=\"elementor-widget-container\">\n\t\t\t<style>\/*! elementor - v3.18.0 - 20-12-2023 *\/\n.elementor-widget-text-editor.elementor-drop-cap-view-stacked .elementor-drop-cap{background-color:#69727d;color:#fff}.elementor-widget-text-editor.elementor-drop-cap-view-framed .elementor-drop-cap{color:#69727d;border:3px solid;background-color:transparent}.elementor-widget-text-editor:not(.elementor-drop-cap-view-default) .elementor-drop-cap{margin-top:8px}.elementor-widget-text-editor:not(.elementor-drop-cap-view-default) .elementor-drop-cap-letter{width:1em;height:1em}.elementor-widget-text-editor .elementor-drop-cap{float:left;text-align:center;line-height:1;font-size:50px}.elementor-widget-text-editor .elementor-drop-cap-letter{display:inline-block}<\/style>\t\t\t\t<p>\u041d\u0430 \u044d\u0442\u043e\u0439 \u0441\u0442\u0440\u0430\u043d\u0438\u0446\u0435 \u0432\u044b \u043c\u043e\u0436\u0435\u0442\u0435 \u043f\u0440\u043e\u0441\u043c\u043e\u0442\u0440\u0435\u0442\u044c \u0438 \u0441\u043a\u0430\u0447\u0430\u0442\u044c \u043d\u0430\u0448 \u043f\u043e\u0434\u0440\u043e\u0431\u043d\u044b\u0439 \u043a\u0430\u0442\u0430\u043b\u043e\u0433 \u043f\u0440\u043e\u0434\u0443\u043a\u0446\u0438\u0438 \u0438 \u043f\u0440\u043e\u043c\u043e-\u0430\u043a\u0446\u0438\u0438.<\/p>\t\t\t\t\t\t<\/div>\n\t\t\t\t<\/div>\n\t\t\t\t\t<\/div>\n\t\t\t\t<\/div>\n\t\t\t\t\t<\/div>\n\t\t\t\t<\/div>\n\t\t<div class=\"elementor-element elementor-element-5a4d5bf e-flex e-con-boxed e-con e-parent\" data-id=\"5a4d5bf\" data-element_type=\"container\" data-settings=\"{&quot;content_width&quot;:&quot;boxed&quot;}\" data-core-v316-plus=\"true\">\n\t\t\t\t\t<div class=\"e-con-inner\">\n\t\t\t\t<div class=\"elementor-element elementor-element-0ee432b elementor-widget elementor-widget-html\" data-id=\"0ee432b\" data-element_type=\"widget\" data-widget_type=\"html.default\">\n\t\t\t\t<div class=\"elementor-widget-container\">\n\t\t\t<div class=\"df-element df-lite\"  data-slug=\"katalog\" data-_slug=\"katalog\" data-title=\"katalog\" id=\"df_624\" data-option=\"df_option_624\" ><\/div><script class=\"df-shortcode-script\" type=\"application\/javascript\">window.df_option_624 = {\"source\":\"http:\\\/\\\/www.inovexmakine.com.tr\\\/wp-content\\\/uploads\\\/2024\\\/01\\\/e-katalog-pdf.pdf\",\"viewerType\":\"flipbook\",\"is3D\":true,\"showDownloadControl\":true,\"enableSound\":true,\"readDirection\":\"ltr\",\"disableRange\":true,\"slug\":\"katalog\",\"id\":624}; if(window.DEARPDF && window.DEARPDF.parseElements){window.DEARPDF.parseElements();}<\/script>\t\t<\/div>\n\t\t\t\t<\/div>\n\t\t\t\t\t<\/div>\n\t\t\t\t<\/div>\n\t\t\t\t\t\t\t<\/div>","protected":false},"excerpt":{"rendered":"<p>INOVEX KATALOG Detayl\u0131 \u00fcr\u00fcn ve tan\u0131t\u0131m katalo\u011fumuzu bu sayfa \u00fczerinde g\u00f6r\u00fcnt\u00fcleyebilir ve indirebilirsiniz.<\/p>","protected":false},"author":1,"featured_media":0,"parent":0,"menu_order":0,"comment_status":"closed","ping_status":"closed","template":"","meta":{"footnotes":""},"class_list":["post-626","page","type-page","status-publish","hentry"],"acf":[],"_links":{"self":[{"href":"https:\/\/www.inovexmakine.com.tr\/ru\/wp-json\/wp\/v2\/pages\/626","targetHints":{"allow":["GET"]}}],"collection":[{"href":"https:\/\/www.inovexmakine.com.tr\/ru\/wp-json\/wp\/v2\/pages"}],"about":[{"href":"https:\/\/www.inovexmakine.com.tr\/ru\/wp-json\/wp\/v2\/types\/page"}],"author":[{"embeddable":true,"href":"https:\/\/www.inovexmakine.com.tr\/ru\/wp-json\/wp\/v2\/users\/1"}],"replies":[{"embeddable":true,"href":"https:\/\/www.inovexmakine.com.tr\/ru\/wp-json\/wp\/v2\/comments?post=626"}],"version-history":[{"count":5,"href":"https:\/\/www.inovexmakine.com.tr\/ru\/wp-json\/wp\/v2\/pages\/626\/revisions"}],"predecessor-version":[{"id":764,"href":"https:\/\/www.inovexmakine.com.tr\/ru\/wp-json\/wp\/v2\/pages\/626\/revisions\/764"}],"wp:attachment":[{"href":"https:\/\/www.inovexmakine.com.tr\/ru\/wp-json\/wp\/v2\/media?parent=626"}],"curies":[{"name":"wp","href":"https:\/\/api.w.org\/{rel}","templated":true}]}}